{"id":97,"date":"2017-01-11T11:55:35","date_gmt":"2017-01-11T10:55:35","guid":{"rendered":"http:\/\/durand-psychologies.info\/?page_id=97"},"modified":"2017-01-12T11:49:45","modified_gmt":"2017-01-12T10:49:45","slug":"page-2","status":"publish","type":"page","link":"https:\/\/durand-psychologies.info\/index.php\/page-2\/","title":{"rendered":"Les s\u00e9ances"},"content":{"rendered":"<p>Les s\u00e9ances durent g\u00e9n\u00e9ralement<strong> 55 minutes<\/strong> lorsqu&rsquo;il s&rsquo;agit de travailler sur la gestion des \u00e9motions, <strong>1h25<\/strong> pour le travail en ICV.<\/p>\n<p>Pour les <strong>bilans psychologiques<\/strong>, <strong>3-4 s\u00e9ances<\/strong> seront n\u00e9cessaires pour passer les tests, suivies d&rsquo;une <strong>s\u00e9ance de restitution<\/strong>, puis l&rsquo;envoi d&rsquo;un <strong>bilan \u00e9crit<\/strong> dans les semaines suivantes.<\/p>\n","protected":false},"excerpt":{"rendered":"<p>Les s\u00e9ances durent g\u00e9n\u00e9ralement 55 minutes lorsqu&rsquo;il s&rsquo;agit de travailler sur la gestion des \u00e9motions, 1h25 pour le travail en ICV. Pour les bilans psychologiques, 3-4 s\u00e9ances seront n\u00e9cessaires pour passer les tests, suivies d&rsquo;une s\u00e9ance de restitution, puis l&rsquo;envoi d&rsquo;un bilan \u00e9crit dans les semaines suivantes.<\/p>\n","protected":false},"author":1,"featured_media":0,"parent":0,"menu_order":0,"comment_status":"closed","ping_status":"closed","template":"","meta":{"footnotes":""},"class_list":["post-97","page","type-page","status-publish","hentry"],"_links":{"self":[{"href":"https:\/\/durand-psychologies.info\/index.php\/wp-json\/wp\/v2\/pages\/97","targetHints":{"allow":["GET"]}}],"collection":[{"href":"https:\/\/durand-psychologies.info\/index.php\/wp-json\/wp\/v2\/pages"}],"about":[{"href":"https:\/\/durand-psychologies.info\/index.php\/wp-json\/wp\/v2\/types\/page"}],"author":[{"embeddable":true,"href":"https:\/\/durand-psychologies.info\/index.php\/wp-json\/wp\/v2\/users\/1"}],"replies":[{"embeddable":true,"href":"https:\/\/durand-psychologies.info\/index.php\/wp-json\/wp\/v2\/comments?post=97"}],"version-history":[{"count":6,"href":"https:\/\/durand-psychologies.info\/index.php\/wp-json\/wp\/v2\/pages\/97\/revisions"}],"predecessor-version":[{"id":175,"href":"https:\/\/durand-psychologies.info\/index.php\/wp-json\/wp\/v2\/pages\/97\/revisions\/175"}],"wp:attachment":[{"href":"https:\/\/durand-psychologies.info\/index.php\/wp-json\/wp\/v2\/media?parent=97"}],"curies":[{"name":"wp","href":"https:\/\/api.w.org\/{rel}","templated":true}]}}