{"id":95,"date":"2017-01-11T11:51:25","date_gmt":"2017-01-11T10:51:25","guid":{"rendered":"http:\/\/durand-psychologies.info\/?page_id=95"},"modified":"2017-09-18T12:11:19","modified_gmt":"2017-09-18T10:11:19","slug":"page-1","status":"publish","type":"page","link":"https:\/\/durand-psychologies.info\/index.php\/page-1\/","title":{"rendered":"La th\u00e9rapie"},"content":{"rendered":"<p>La th\u00e9rapie vise \u00e0 obtenir un mieux-\u00eatre global, qui permet d&rsquo;\u00eatre plus \u00e0 l&rsquo;aise dans le quotidien (angoisses, stress, irritabilit\u00e9), et permet \u00e9galement d&rsquo;am\u00e9liorer ses relations sociales et professionnelles.<\/p>\n<p>Dans l&rsquo;approche que je propose, trois axes peuvent \u00eatre d\u00e9finis :<\/p>\n<ul>\n<li>apprendre \u00e0 <a href=\"https:\/\/durand-psychologies.info\/index.php\/gestion-des-emotions\/\"><strong>g\u00e9rer ses \u00e9motions<\/strong><\/a> au quotidien et modifier notre relation \u00e0 notre entourage gr\u00e2ce \u00e0 la<a href=\"https:\/\/fr.wikipedia.org\/wiki\/Gestalt-th\u00e9rapie\"><strong> Gestlalt-th\u00e9rapie<\/strong><\/a><\/li>\n<li>r\u00e9parer les traumatismes infantiles ainsi que les carences affectives pr\u00e9coces \u00e0 l&rsquo;aide de l&rsquo;<a href=\"https:\/\/durand-psychologies.info\/index.php\/icv\/\"><strong>ICV<\/strong><\/a><\/li>\n<li>apprendre \u00e0 <a href=\"https:\/\/durand-psychologies.info\/index.php\/la-meditation\/\"><strong>m\u00e9diter<\/strong><\/a> afin d&rsquo;apaiser et d&rsquo;\u00e9quilibrer le syst\u00e8me \u00e9motionnel<\/li>\n<\/ul>\n","protected":false},"excerpt":{"rendered":"<p>La th\u00e9rapie vise \u00e0 obtenir un mieux-\u00eatre global, qui permet d&rsquo;\u00eatre plus \u00e0 l&rsquo;aise dans le quotidien (angoisses, stress, irritabilit\u00e9), et permet \u00e9galement d&rsquo;am\u00e9liorer ses relations sociales et professionnelles. Dans l&rsquo;approche que je propose, trois axes peuvent \u00eatre d\u00e9finis : apprendre \u00e0 g\u00e9rer ses \u00e9motions au quotidien et modifier notre relation \u00e0 notre entourage gr\u00e2ce [&hellip;]<\/p>\n","protected":false},"author":1,"featured_media":0,"parent":0,"menu_order":0,"comment_status":"closed","ping_status":"closed","template":"","meta":{"footnotes":""},"class_list":["post-95","page","type-page","status-publish","hentry"],"_links":{"self":[{"href":"https:\/\/durand-psychologies.info\/index.php\/wp-json\/wp\/v2\/pages\/95","targetHints":{"allow":["GET"]}}],"collection":[{"href":"https:\/\/durand-psychologies.info\/index.php\/wp-json\/wp\/v2\/pages"}],"about":[{"href":"https:\/\/durand-psychologies.info\/index.php\/wp-json\/wp\/v2\/types\/page"}],"author":[{"embeddable":true,"href":"https:\/\/durand-psychologies.info\/index.php\/wp-json\/wp\/v2\/users\/1"}],"replies":[{"embeddable":true,"href":"https:\/\/durand-psychologies.info\/index.php\/wp-json\/wp\/v2\/comments?post=95"}],"version-history":[{"count":12,"href":"https:\/\/durand-psychologies.info\/index.php\/wp-json\/wp\/v2\/pages\/95\/revisions"}],"predecessor-version":[{"id":217,"href":"https:\/\/durand-psychologies.info\/index.php\/wp-json\/wp\/v2\/pages\/95\/revisions\/217"}],"wp:attachment":[{"href":"https:\/\/durand-psychologies.info\/index.php\/wp-json\/wp\/v2\/media?parent=95"}],"curies":[{"name":"wp","href":"https:\/\/api.w.org\/{rel}","templated":true}]}}