{"id":161,"date":"2017-01-12T08:59:18","date_gmt":"2017-01-12T07:59:18","guid":{"rendered":"http:\/\/durand-psychologies.info\/?page_id=161"},"modified":"2017-01-12T13:12:44","modified_gmt":"2017-01-12T12:12:44","slug":"articles-meditation","status":"publish","type":"page","link":"https:\/\/durand-psychologies.info\/index.php\/articles-meditation\/","title":{"rendered":"Articles &#8211; m\u00e9ditation"},"content":{"rendered":"<p><strong>christophe andr\u00e9<\/strong><\/p>\n<p><a href=\"https:\/\/www.youtube.com\/watch?v=jDYsHFOf2Us\">https:\/\/www.youtube.com\/watch?v=jDYsHFOf2Us<\/a><\/p>\n<ul>\n<li>Je m\u00e9dite jour apr\u00e8s jour &#8211; Petit manuel pour vivre en Pleine Conscience (Ed. Iconoclaste, 2015)<\/li>\n<li><a href=\"http:\/\/christopheandre.com\/meditation_CerveauPsycho_2010.pdf\">La m\u00e9ditation de Pleine Conscience (pdf<\/a>)<\/li>\n<\/ul>\n","protected":false},"excerpt":{"rendered":"<p>christophe andr\u00e9 Je m\u00e9dite jour apr\u00e8s jour &#8211; Petit manuel pour vivre en Pleine Conscience (Ed. Iconoclaste, 2015) La m\u00e9ditation de Pleine Conscience (pdf)<\/p>\n","protected":false},"author":1,"featured_media":0,"parent":0,"menu_order":0,"comment_status":"closed","ping_status":"closed","template":"","meta":{"footnotes":""},"class_list":["post-161","page","type-page","status-publish","hentry"],"_links":{"self":[{"href":"https:\/\/durand-psychologies.info\/index.php\/wp-json\/wp\/v2\/pages\/161","targetHints":{"allow":["GET"]}}],"collection":[{"href":"https:\/\/durand-psychologies.info\/index.php\/wp-json\/wp\/v2\/pages"}],"about":[{"href":"https:\/\/durand-psychologies.info\/index.php\/wp-json\/wp\/v2\/types\/page"}],"author":[{"embeddable":true,"href":"https:\/\/durand-psychologies.info\/index.php\/wp-json\/wp\/v2\/users\/1"}],"replies":[{"embeddable":true,"href":"https:\/\/durand-psychologies.info\/index.php\/wp-json\/wp\/v2\/comments?post=161"}],"version-history":[{"count":5,"href":"https:\/\/durand-psychologies.info\/index.php\/wp-json\/wp\/v2\/pages\/161\/revisions"}],"predecessor-version":[{"id":196,"href":"https:\/\/durand-psychologies.info\/index.php\/wp-json\/wp\/v2\/pages\/161\/revisions\/196"}],"wp:attachment":[{"href":"https:\/\/durand-psychologies.info\/index.php\/wp-json\/wp\/v2\/media?parent=161"}],"curies":[{"name":"wp","href":"https:\/\/api.w.org\/{rel}","templated":true}]}}