{"id":151,"date":"2017-01-12T08:57:10","date_gmt":"2017-01-12T07:57:10","guid":{"rendered":"http:\/\/durand-psychologies.info\/?page_id=151"},"modified":"2017-09-12T11:25:44","modified_gmt":"2017-09-12T09:25:44","slug":"gestion-des-emotions","status":"publish","type":"page","link":"https:\/\/durand-psychologies.info\/index.php\/gestion-des-emotions\/","title":{"rendered":"Gestion des \u00e9motions"},"content":{"rendered":"<p>Lorsque nous n&rsquo;avons aucune ma\u00eetrise sur nos \u00e9motions, celles-ci nous contr\u00f4lent. Nous nous retrouvons \u00e0 la merci de col\u00e8res, \u00a0tristesses ou peurs qui nous d\u00e9passent.<\/p>\n<p>En apprivoisant nos \u00e9motions, nous passons du <em>contr\u00f4le<\/em> \u00e0 la <em>ma\u00eetrise<\/em>\u00a0de celles-ci, c&rsquo;est \u00e0 dire la possibilit\u00e9 qu&rsquo;elles nous traversent SANS implications n\u00e9gatives.<\/p>\n<p>Dans un premier temps, il est fondamental d&rsquo;observer et de comprendre comment sont structur\u00e9es nos \u00e9motion. En effet, celles-ci\u00a0s\u2019articulent comme un mille-feuille.<br \/>\nDans le quotidien, nous restons prisonniers d\u2019\u00e9motions de surface que nous avons souvent du mal \u00e0 comprendre, dans un brouhaha de pens\u00e9es qui peuvent tourner en boucle \u2013 que je comparerai \u00e0 la <strong>couche de gla\u00e7age<\/strong> d&rsquo;un mille-feuille.<br \/>\nGr\u00e2ce \u00e0 l\u2019action du th\u00e9rapeute, le fil des \u00e9motions va \u00eatre suivi, ce qui permet de rentrer dans <strong>la cro\u00fbte feuillet\u00e9e<\/strong>, difficile \u00e0 percer. A partir de l\u00e0, nous passons d&rsquo;\u00e9motion en \u00e9motion jusqu&rsquo;\u00e0 atteindre\u00a0l\u2019\u00e9motion racine \u2013 <strong>la cr\u00e8me<\/strong> du mille-feuille. D\u00e8s que cette \u00e9motion est pleinement v\u00e9cue, toute la cascade des \u00e9motions qui en d\u00e9coule s\u2019\u00e9croule. Non seulement ce souvenir n\u2019est-il plus douloureux, mais toutes les \u00e9motions similaires seront v\u00e9cues avec un sentiment d\u2019apaisement.<\/p>\n<p>Par exemple, la <strong>couche de gla\u00e7age<\/strong> du mille-feuille ressemble \u00e0 ceci :<br \/>\n\u00ab\u00a0Il m&rsquo;a parl\u00e9 sur un mauvais ton, non mais il se prend pour qui celui-ci, je vais lui dire ce que j&rsquo;en pense moi, et il va voir [&#8230;]\u00a0\u00bb. Le cerveau tourne en boucle et les \u00e9motions flambent, emp\u00eachant parfois de dormir, le corps est compl\u00e8tement contract\u00e9.<\/p>\n<p>Le <strong>feuilletage<\/strong> ressemble \u00e0 ceci :<br \/>\n(premi\u00e8re couche) \u00ab\u00a0Ca me rappelle quand j&rsquo;\u00e9tais jeune et que mon fr\u00e8re parlait mal, j&rsquo;\u00e9tais si en col\u00e8re contre lui [&#8230;]\u00a0\u00bb (<em>col\u00e8re<\/em>)<br \/>\n(deuxi\u00e8me couche) \u00ab\u00a0Parce qu&rsquo;il me traitait toujours mal, il m&rsquo;en voulait d&rsquo;avoir pris autant de place, et c&rsquo;\u00e9tait si douloureux[&#8230;]\u00a0\u00bb (<em>tristesse<\/em>)<br \/>\n(troisi\u00e8me couche) \u00ab\u00a0Du coup j&rsquo;en veux \u00e0 ma m\u00e8re de ne pas m&rsquo;avoir prot\u00e9g\u00e9\u00a0\u00bb (re-<em>col\u00e8re<\/em>)<\/p>\n<p>etc&#8230;<\/p>\n<p>Et enfin <strong>la cr\u00e8me<\/strong> :<br \/>\n\u00ab\u00a0Et je me suis senti tellement seul\u00a0\u00bb (<em>\u00e9motion racine<\/em>)<\/p>\n<p>Lorsque l&rsquo;\u00e9motion racine est v\u00e9cue dans toute son intensit\u00e9 (ici la solitude), toute la cha\u00eene s&rsquo;effondre et le probl\u00e8me initial ne se pose plus.<\/p>\n<p>L\u2019objectif est donc de s&rsquo;entra\u00eener \u00e0 explorer <strong>de fa\u00e7on autonome<\/strong>\u00a0nos \u00e9motions et de <strong>ne plus\u00a0avoir \u00e0<\/strong> <strong>d\u00e9pendre, \u00e0 terme<\/strong>\u00a0<strong>d&rsquo;un th\u00e9rapeute<\/strong>.<\/p>\n","protected":false},"excerpt":{"rendered":"<p>Lorsque nous n&rsquo;avons aucune ma\u00eetrise sur nos \u00e9motions, celles-ci nous contr\u00f4lent. Nous nous retrouvons \u00e0 la merci de col\u00e8res, \u00a0tristesses ou peurs qui nous d\u00e9passent. En apprivoisant nos \u00e9motions, nous passons du contr\u00f4le \u00e0 la ma\u00eetrise\u00a0de celles-ci, c&rsquo;est \u00e0 dire la possibilit\u00e9 qu&rsquo;elles nous traversent SANS implications n\u00e9gatives. Dans un premier temps, il est fondamental [&hellip;]<\/p>\n","protected":false},"author":1,"featured_media":0,"parent":0,"menu_order":0,"comment_status":"closed","ping_status":"closed","template":"","meta":{"footnotes":""},"class_list":["post-151","page","type-page","status-publish","hentry"],"_links":{"self":[{"href":"https:\/\/durand-psychologies.info\/index.php\/wp-json\/wp\/v2\/pages\/151","targetHints":{"allow":["GET"]}}],"collection":[{"href":"https:\/\/durand-psychologies.info\/index.php\/wp-json\/wp\/v2\/pages"}],"about":[{"href":"https:\/\/durand-psychologies.info\/index.php\/wp-json\/wp\/v2\/types\/page"}],"author":[{"embeddable":true,"href":"https:\/\/durand-psychologies.info\/index.php\/wp-json\/wp\/v2\/users\/1"}],"replies":[{"embeddable":true,"href":"https:\/\/durand-psychologies.info\/index.php\/wp-json\/wp\/v2\/comments?post=151"}],"version-history":[{"count":5,"href":"https:\/\/durand-psychologies.info\/index.php\/wp-json\/wp\/v2\/pages\/151\/revisions"}],"predecessor-version":[{"id":209,"href":"https:\/\/durand-psychologies.info\/index.php\/wp-json\/wp\/v2\/pages\/151\/revisions\/209"}],"wp:attachment":[{"href":"https:\/\/durand-psychologies.info\/index.php\/wp-json\/wp\/v2\/media?parent=151"}],"curies":[{"name":"wp","href":"https:\/\/api.w.org\/{rel}","templated":true}]}}