{"id":122,"date":"2017-01-11T15:32:33","date_gmt":"2017-01-11T14:32:33","guid":{"rendered":"http:\/\/durand-psychologies.info\/?page_id=122"},"modified":"2017-01-11T22:36:30","modified_gmt":"2017-01-11T21:36:30","slug":"qui-suis-je","status":"publish","type":"page","link":"https:\/\/durand-psychologies.info\/index.php\/qui-suis-je\/","title":{"rendered":"Qui suis-je"},"content":{"rendered":"<div id=\"attachment_78\" style=\"width: 310px\" class=\"wp-caption alignnone\"><img loading=\"lazy\" decoding=\"async\" aria-describedby=\"caption-attachment-78\" class=\"size-medium wp-image-78\" src=\"https:\/\/durand-psychologies.info\/wp-content\/uploads\/2017\/01\/LBP_0074-GPC-300x300.jpg\" alt=\"\" width=\"300\" height=\"300\" srcset=\"https:\/\/durand-psychologies.info\/wp-content\/uploads\/2017\/01\/LBP_0074-GPC-300x300.jpg 300w, https:\/\/durand-psychologies.info\/wp-content\/uploads\/2017\/01\/LBP_0074-GPC-150x150.jpg 150w, https:\/\/durand-psychologies.info\/wp-content\/uploads\/2017\/01\/LBP_0074-GPC.jpg 567w\" sizes=\"auto, (max-width: 300px) 100vw, 300px\" \/><p id=\"caption-attachment-78\" class=\"wp-caption-text\">Mathieu Durand<br \/>Psychologue Clinicien<\/p><\/div>\n<p><strong>Psychologue clinicien(<a href=\"http:\/\/www.psychologie.parisdescartes.fr\/\" target=\"_blank\">Universit\u00e9 Paris 5 &#8211; Ren\u00e9 Descartes<\/a>)<br \/>\nPsychop\u00e9dagogue<\/strong>, cr\u00e9ateur de\u00a0<a href=\"http:\/\/www.psychomaths.fr\/\" target=\"_blank\"><strong>Psychomaths<\/strong><\/a>, j&rsquo;accompagne des adolescents en difficult\u00e9 en Math\u00e9matiques.<br \/>\n<strong>Ing\u00e9nieur Chimiste<\/strong> (<a href=\"http:\/\/www.cpe.fr\/\" target=\"_blank\"><strong>CPE<\/strong><\/a>)<\/p>\n<p><strong>\u00a0Formations :<\/strong><br \/>\n\u2022 Gestalt-Th\u00e9rapie <a href=\"http:\/\/www.epg-gestalt.fr\/\" target=\"_blank\"><strong>(Ecole parisienne de Gestalt-th\u00e9rapie)<\/strong><\/a><br \/>\n\u2022 Int\u00e9gration du Cycle de Vie (<a href=\"http:\/\/www.aficv.com\/\" target=\"_blank\"><strong>AFICV<\/strong><\/a>)<br \/>\n\u2022 Tests et Bilans (<a href=\"http:\/\/www.psychologie.parisdescartes.fr\/\" target=\"_blank\"><strong>Universit\u00e9 Paris 5 &#8211; Ren\u00e9 Descartes<\/strong><\/a>)<\/p>\n","protected":false},"excerpt":{"rendered":"<p>Psychologue clinicien(Universit\u00e9 Paris 5 &#8211; Ren\u00e9 Descartes) Psychop\u00e9dagogue, cr\u00e9ateur de\u00a0Psychomaths, j&rsquo;accompagne des adolescents en difficult\u00e9 en Math\u00e9matiques. Ing\u00e9nieur Chimiste (CPE) \u00a0Formations : \u2022 Gestalt-Th\u00e9rapie (Ecole parisienne de Gestalt-th\u00e9rapie) \u2022 Int\u00e9gration du Cycle de Vie (AFICV) \u2022 Tests et Bilans (Universit\u00e9 Paris 5 &#8211; Ren\u00e9 Descartes)<\/p>\n","protected":false},"author":1,"featured_media":0,"parent":0,"menu_order":0,"comment_status":"closed","ping_status":"closed","template":"","meta":{"footnotes":""},"class_list":["post-122","page","type-page","status-publish","hentry"],"_links":{"self":[{"href":"https:\/\/durand-psychologies.info\/index.php\/wp-json\/wp\/v2\/pages\/122","targetHints":{"allow":["GET"]}}],"collection":[{"href":"https:\/\/durand-psychologies.info\/index.php\/wp-json\/wp\/v2\/pages"}],"about":[{"href":"https:\/\/durand-psychologies.info\/index.php\/wp-json\/wp\/v2\/types\/page"}],"author":[{"embeddable":true,"href":"https:\/\/durand-psychologies.info\/index.php\/wp-json\/wp\/v2\/users\/1"}],"replies":[{"embeddable":true,"href":"https:\/\/durand-psychologies.info\/index.php\/wp-json\/wp\/v2\/comments?post=122"}],"version-history":[{"count":2,"href":"https:\/\/durand-psychologies.info\/index.php\/wp-json\/wp\/v2\/pages\/122\/revisions"}],"predecessor-version":[{"id":143,"href":"https:\/\/durand-psychologies.info\/index.php\/wp-json\/wp\/v2\/pages\/122\/revisions\/143"}],"wp:attachment":[{"href":"https:\/\/durand-psychologies.info\/index.php\/wp-json\/wp\/v2\/media?parent=122"}],"curies":[{"name":"wp","href":"https:\/\/api.w.org\/{rel}","templated":true}]}}