{"id":112,"date":"2017-01-11T12:11:33","date_gmt":"2017-01-11T11:11:33","guid":{"rendered":"http:\/\/durand-psychologies.info\/?page_id=112"},"modified":"2024-04-15T15:19:31","modified_gmt":"2024-04-15T13:19:31","slug":"contact","status":"publish","type":"page","link":"https:\/\/durand-psychologies.info\/index.php\/contact\/","title":{"rendered":"Contact"},"content":{"rendered":"<p>Psychologue Clinicien je re\u00e7ois adolescents et adultes, familles et couples, les<\/p>\n<p><strong>Lundi Mardi Jeudi Vendredi de 13h30 \u00e0 17h30 et mercredi de 9h00 \u00e0 12h00<\/strong><\/p>\n<p><strong>21 rue des Sablons<br \/>\n77300 Fontainebleau<\/strong><br \/>\n<strong>T\u00e9l\u00e9phone<\/strong> : 06 09 46 84 73<\/p>\n<div class=\"dl-profile-text\">\n<h4 class=\"dl-profile-card-subtitle\">Moyens de transport<\/h4>\n<p>Bus &#8211; Ch\u00e2teau de (lignes 34, 1 et 184-014)<br \/>\nBus &#8211; Saint-Honor\u00e9 (ligne 1)<br \/>\nBus &#8211; Mairie (lignes 1 et 8)<\/p>\n<\/div>\n<div class=\"dl-profile-text\">\n<h4 class=\"dl-profile-card-subtitle\">Parking public<\/h4>\n<p>27 Place Napol\u00e9on Bonaparte, Fontainebleau<\/p>\n<\/div>\n<div class=\"dl-profile-text\">\n<h4 class=\"dl-profile-card-subtitle\">Informations pratiques<\/h4>\n<p>1<sup>er<\/sup> \u00e9tage sans ascenseur<\/p>\n<\/div>\n","protected":false},"excerpt":{"rendered":"<p>Psychologue Clinicien je re\u00e7ois adolescents et adultes, familles et couples, les Lundi Mardi Jeudi Vendredi de 13h30 \u00e0 17h30 et mercredi de 9h00 \u00e0 12h00 21 rue des Sablons 77300 Fontainebleau T\u00e9l\u00e9phone : 06 09 46 84 73 Moyens de transport Bus &#8211; Ch\u00e2teau de (lignes 34, 1 et 184-014) Bus &#8211; Saint-Honor\u00e9 (ligne 1) [&hellip;]<\/p>\n","protected":false},"author":1,"featured_media":0,"parent":0,"menu_order":0,"comment_status":"closed","ping_status":"closed","template":"","meta":{"footnotes":""},"class_list":["post-112","page","type-page","status-publish","hentry"],"_links":{"self":[{"href":"https:\/\/durand-psychologies.info\/index.php\/wp-json\/wp\/v2\/pages\/112","targetHints":{"allow":["GET"]}}],"collection":[{"href":"https:\/\/durand-psychologies.info\/index.php\/wp-json\/wp\/v2\/pages"}],"about":[{"href":"https:\/\/durand-psychologies.info\/index.php\/wp-json\/wp\/v2\/types\/page"}],"author":[{"embeddable":true,"href":"https:\/\/durand-psychologies.info\/index.php\/wp-json\/wp\/v2\/users\/1"}],"replies":[{"embeddable":true,"href":"https:\/\/durand-psychologies.info\/index.php\/wp-json\/wp\/v2\/comments?post=112"}],"version-history":[{"count":14,"href":"https:\/\/durand-psychologies.info\/index.php\/wp-json\/wp\/v2\/pages\/112\/revisions"}],"predecessor-version":[{"id":227,"href":"https:\/\/durand-psychologies.info\/index.php\/wp-json\/wp\/v2\/pages\/112\/revisions\/227"}],"wp:attachment":[{"href":"https:\/\/durand-psychologies.info\/index.php\/wp-json\/wp\/v2\/media?parent=112"}],"curies":[{"name":"wp","href":"https:\/\/api.w.org\/{rel}","templated":true}]}}